{"id":482,"date":"2026-01-16T09:18:43","date_gmt":"2026-01-16T08:18:43","guid":{"rendered":"https:\/\/www.cemestaimpuis.be\/?page_id=482"},"modified":"2026-01-16T09:56:51","modified_gmt":"2026-01-16T08:56:51","slug":"2eme-annee-2026-2027","status":"publish","type":"page","link":"http:\/\/cemestaimpuis.be\/?page_id=482","title":{"rendered":"2\u00e8me ann\u00e9e &#8211; 2026\/2027"},"content":{"rendered":"\n<p class=\"has-text-align-center has-black-color has-text-color has-link-color wp-elements-59fb8b27c13e9303473d43b046b37838\" style=\"font-size:24px;text-decoration:underline\">Une journ\u00e9e type en 2\u00e8me ann\u00e9e.<\/p>\n\n\n","protected":false},"excerpt":{"rendered":"<p>Une journ\u00e9e type en 2\u00e8me ann\u00e9e.<\/p>\n","protected":false},"author":1,"featured_media":0,"parent":0,"menu_order":0,"comment_status":"closed","ping_status":"closed","template":"","meta":{"footnotes":""},"class_list":["post-482","page","type-page","status-publish","hentry"],"jetpack_sharing_enabled":true,"_links":{"self":[{"href":"http:\/\/cemestaimpuis.be\/index.php?rest_route=\/wp\/v2\/pages\/482","targetHints":{"allow":["GET"]}}],"collection":[{"href":"http:\/\/cemestaimpuis.be\/index.php?rest_route=\/wp\/v2\/pages"}],"about":[{"href":"http:\/\/cemestaimpuis.be\/index.php?rest_route=\/wp\/v2\/types\/page"}],"author":[{"embeddable":true,"href":"http:\/\/cemestaimpuis.be\/index.php?rest_route=\/wp\/v2\/users\/1"}],"replies":[{"embeddable":true,"href":"http:\/\/cemestaimpuis.be\/index.php?rest_route=%2Fwp%2Fv2%2Fcomments&post=482"}],"version-history":[{"count":3,"href":"http:\/\/cemestaimpuis.be\/index.php?rest_route=\/wp\/v2\/pages\/482\/revisions"}],"predecessor-version":[{"id":518,"href":"http:\/\/cemestaimpuis.be\/index.php?rest_route=\/wp\/v2\/pages\/482\/revisions\/518"}],"wp:attachment":[{"href":"http:\/\/cemestaimpuis.be\/index.php?rest_route=%2Fwp%2Fv2%2Fmedia&parent=482"}],"curies":[{"name":"wp","href":"https:\/\/api.w.org\/{rel}","templated":true}]}}